{"id":57,"date":"2021-03-27T17:55:12","date_gmt":"2021-03-27T16:55:12","guid":{"rendered":"https:\/\/studiogmlr.fr\/?page_id=57"},"modified":"2023-01-31T10:00:27","modified_gmt":"2023-01-31T09:00:27","slug":"edition-2019-2020-dou-parle-t-on","status":"publish","type":"page","link":"https:\/\/studiogmlr.fr\/?page_id=57","title":{"rendered":"D\u2019o\u00f9 parle-t-on ? \/ studio GMLR \u00e9dition 2018\/2019"},"content":{"rendered":"\n<p><em>\u00ab&nbsp;Il y a l\u2019art, qui est un grand tout et au sein duquel cohabitent toutes sortes de pratiques, certaines li\u00e9es \u00e0 l\u2019objet, d\u2019autres au langage, d\u2019autres encore au r\u00e9el, \u00e0 la fiction, au corps, \u00e0 la g\u00e9ographie [\u2026] Je pr\u00e9f\u00e8re ces cat\u00e9gories, \u00e0 inventer, \u00e0 questionner sans cesse, \u00e0 celles li\u00e9es \u00e0 l\u2019utilisation d\u2019un outil ou d\u2019une technique.&nbsp;\u00bb<\/em><\/p>\n\n\n\n<p><em>Dominique Petitgand, City sonic ; les arts sonores de la cit\u00e9, collectif, lettre vol\u00e9e, Bruxelles. 2015.<\/em><\/p>\n\n\n\n<p>Au centre de toutes ces cat\u00e9gories, il en est une qui reste plus que jamais \u00ab&nbsp;\u00e0 inventer, \u00e0 questionner sans cesse&nbsp;\u00bb&nbsp;: la voix, les sons que nous produisons gr\u00e2ce \u00e0 nos cordes vocales.<\/p>\n\n\n\n<p>L\u2019homme doit, par la force qui est derri\u00e8re la corporalit\u00e9, mouvoir aussi la corporalit\u00e9 de son environnement, avec le flot d\u2018air qui est m\u00fb \u00e0 travers la trach\u00e9e-art\u00e8re, qui est press\u00e9 \u00e0 travers le larynx, et qui entre dans d\u2018autres organes du langage (la langue, le palais, les dents, l\u2018espace de la bouche). Il doit \u00absculpter\u00bb quelque chose \u00e0 l\u2018int\u00e9rieur de ce flot d\u2018air. Le r\u00e9cepteur doit \u00ab&nbsp;exformer&nbsp;\u00bb cette sculpture.\u201c<\/p>\n\n\n\n<p><em>Joseph Beuys, \u00ab L\u2018Entr\u00e9e dans un \u00eatre vivant&nbsp;\u00bb, documenta VI, 1977.<\/em><\/p>\n\n\n\n<p>Plus que les donn\u00e9es physiologiques, ce sont les sources multiples de ce \u00ab&nbsp;flot d\u2019air&nbsp;\u00bb qui nous int\u00e9ressent. D\u2019o\u00f9 parle-t-on&nbsp;? Pourquoi certains parlent-ils tellement et d\u2019autres si peu&nbsp;? D\u2019o\u00f9 Salvador Allende tira-t-il la force de qualifier pos\u00e9ment le timbre de sa voix dans sa derni\u00e8re intervention \u00e0 la radio alors m\u00eame qu\u2019il se pr\u00e9parait \u00e0 mourir&nbsp;? Comment telle personne sortie du coma devient-elle capable de parler couramment une langue dont elle ne connait que des fragments \u00e9pars&nbsp;? Qu\u2019est-ce qu\u2019une langue agglutinante&nbsp;? Comment Bernard Heidsieck choisissait-il de dire sa po\u00e9sie debout ou assis&nbsp;?&#8230;<\/p>\n\n\n\n<p>Ces quelques interrogations ne sont qu\u2019un infime \u00e9chantillon des questions que pose la voix. Les arts sonores eux-m\u00eames h\u00e9sitent parfois \u00e0 s\u2019aventurer sur ce terrain, comme si le plus commun des outils continuait d\u2019impressionner malgr\u00e9 des mill\u00e9naires de culture(s) orale(s). L\u2019objet de ce workshop de deux semaines est d\u2019explorer ce terrain \u00e0 la fois si ordinaire et si myst\u00e9rieux. Une exposition viendra en conclusion proposer quatorze propositions \u2013 quatorze fa\u00e7ons de poser cette question lancinante et in\u00e9puisable&nbsp;: d\u2019o\u00f9 parle-t-on&nbsp;?&nbsp;<\/p>\n\n\n\n<p><\/p>\n\n\n<ul class=\"wp-block-latest-posts__list is-grid columns-3 wp-block-latest-posts\"><li><div class=\"wp-block-latest-posts__featured-image aligncenter\"><img loading=\"lazy\" decoding=\"async\" width=\"300\" height=\"200\" src=\"https:\/\/studiogmlr.fr\/wp-content\/uploads\/2021\/03\/IMG_0136-1-300x200.jpg\" class=\"attachment-medium size-medium wp-post-image\" alt=\"\" style=\"\" srcset=\"https:\/\/studiogmlr.fr\/wp-content\/uploads\/2021\/03\/IMG_0136-1-300x200.jpg 300w, https:\/\/studiogmlr.fr\/wp-content\/uploads\/2021\/03\/IMG_0136-1-1024x683.jpg 1024w, https:\/\/studiogmlr.fr\/wp-content\/uploads\/2021\/03\/IMG_0136-1-768x512.jpg 768w, https:\/\/studiogmlr.fr\/wp-content\/uploads\/2021\/03\/IMG_0136-1-1536x1024.jpg 1536w, https:\/\/studiogmlr.fr\/wp-content\/uploads\/2021\/03\/IMG_0136-1-2048x1366.jpg 2048w, https:\/\/studiogmlr.fr\/wp-content\/uploads\/2021\/03\/IMG_0136-1-1240x827.jpg 1240w, https:\/\/studiogmlr.fr\/wp-content\/uploads\/2021\/03\/IMG_0136-1-508x339.jpg 508w\" sizes=\"auto, (max-width: 300px) 100vw, 300px\" \/><\/div><a class=\"wp-block-latest-posts__post-title\" href=\"https:\/\/studiogmlr.fr\/?p=138\">jump vox_                    Thibaut Drouillon<\/a><\/li>\n<li><a class=\"wp-block-latest-posts__post-title\" href=\"https:\/\/studiogmlr.fr\/?p=136\">voix int\u00e9rieure_            Thibault Barois<\/a><\/li>\n<li><div class=\"wp-block-latest-posts__featured-image aligncenter\"><img loading=\"lazy\" decoding=\"async\" width=\"1\" height=\"1\" src=\"https:\/\/studiogmlr.fr\/wp-content\/uploads\/2021\/03\/IMG_0120.jpg\" class=\"attachment-medium size-medium wp-post-image\" alt=\"\" style=\"\" \/><\/div><a class=\"wp-block-latest-posts__post-title\" href=\"https:\/\/studiogmlr.fr\/?p=133\">Cordes phoniques_      Maxime van roy<\/a><\/li>\n<li><div class=\"wp-block-latest-posts__featured-image aligncenter\"><img loading=\"lazy\" decoding=\"async\" width=\"300\" height=\"210\" src=\"https:\/\/studiogmlr.fr\/wp-content\/uploads\/2021\/03\/IMG_0122-300x210.jpg\" class=\"attachment-medium size-medium wp-post-image\" alt=\"\" style=\"\" srcset=\"https:\/\/studiogmlr.fr\/wp-content\/uploads\/2021\/03\/IMG_0122-300x210.jpg 300w, https:\/\/studiogmlr.fr\/wp-content\/uploads\/2021\/03\/IMG_0122-1024x716.jpg 1024w, https:\/\/studiogmlr.fr\/wp-content\/uploads\/2021\/03\/IMG_0122-768x537.jpg 768w, https:\/\/studiogmlr.fr\/wp-content\/uploads\/2021\/03\/IMG_0122-1536x1073.jpg 1536w, https:\/\/studiogmlr.fr\/wp-content\/uploads\/2021\/03\/IMG_0122-2048x1431.jpg 2048w, https:\/\/studiogmlr.fr\/wp-content\/uploads\/2021\/03\/IMG_0122-1240x867.jpg 1240w, https:\/\/studiogmlr.fr\/wp-content\/uploads\/2021\/03\/IMG_0122-508x355.jpg 508w\" sizes=\"auto, (max-width: 300px) 100vw, 300px\" \/><\/div><a class=\"wp-block-latest-posts__post-title\" href=\"https:\/\/studiogmlr.fr\/?p=126\">Vox populi _ Loris zuccato<\/a><\/li>\n<li><div class=\"wp-block-latest-posts__featured-image aligncenter\"><img loading=\"lazy\" decoding=\"async\" width=\"300\" height=\"225\" src=\"https:\/\/studiogmlr.fr\/wp-content\/uploads\/2021\/03\/IMG_20190202_122237-300x225.jpg\" class=\"attachment-medium size-medium wp-post-image\" alt=\"\" style=\"\" \/><\/div><a class=\"wp-block-latest-posts__post-title\" href=\"https:\/\/studiogmlr.fr\/?p=124\">INCARNER _                     Julie Gaubert &#038;               Mary Costeaux<\/a><\/li>\n<li><div class=\"wp-block-latest-posts__featured-image aligncenter\"><img loading=\"lazy\" decoding=\"async\" width=\"300\" height=\"200\" src=\"https:\/\/studiogmlr.fr\/wp-content\/uploads\/2021\/03\/IMG_0129-300x200.jpg\" class=\"attachment-medium size-medium wp-post-image\" alt=\"\" style=\"\" srcset=\"https:\/\/studiogmlr.fr\/wp-content\/uploads\/2021\/03\/IMG_0129-300x200.jpg 300w, https:\/\/studiogmlr.fr\/wp-content\/uploads\/2021\/03\/IMG_0129-1024x683.jpg 1024w, https:\/\/studiogmlr.fr\/wp-content\/uploads\/2021\/03\/IMG_0129-768x512.jpg 768w, https:\/\/studiogmlr.fr\/wp-content\/uploads\/2021\/03\/IMG_0129-1536x1024.jpg 1536w, https:\/\/studiogmlr.fr\/wp-content\/uploads\/2021\/03\/IMG_0129-2048x1366.jpg 2048w, https:\/\/studiogmlr.fr\/wp-content\/uploads\/2021\/03\/IMG_0129-1240x827.jpg 1240w, https:\/\/studiogmlr.fr\/wp-content\/uploads\/2021\/03\/IMG_0129-508x339.jpg 508w\" sizes=\"auto, (max-width: 300px) 100vw, 300px\" \/><\/div><a class=\"wp-block-latest-posts__post-title\" href=\"https:\/\/studiogmlr.fr\/?p=120\">Annulation (si ce n&rsquo;est la pre\u0301misse d&rsquo;une de\u0301glingue)_Charlotte Dumont &#038; Elena Carbonelli<\/a><\/li>\n<li><a class=\"wp-block-latest-posts__post-title\" href=\"https:\/\/studiogmlr.fr\/?p=118\">Dialogue \u00e0 quatre_         Amine Haddadi<\/a><\/li>\n<li><div class=\"wp-block-latest-posts__featured-image aligncenter\"><img loading=\"lazy\" decoding=\"async\" width=\"300\" height=\"200\" src=\"https:\/\/studiogmlr.fr\/wp-content\/uploads\/2021\/03\/Purr-hifi-02-300x200.jpg\" class=\"attachment-medium size-medium wp-post-image\" alt=\"\" style=\"\" srcset=\"https:\/\/studiogmlr.fr\/wp-content\/uploads\/2021\/03\/Purr-hifi-02-300x200.jpg 300w, https:\/\/studiogmlr.fr\/wp-content\/uploads\/2021\/03\/Purr-hifi-02-1024x683.jpg 1024w, https:\/\/studiogmlr.fr\/wp-content\/uploads\/2021\/03\/Purr-hifi-02-768x512.jpg 768w\" sizes=\"auto, (max-width: 300px) 100vw, 300px\" \/><\/div><a class=\"wp-block-latest-posts__post-title\" href=\"https:\/\/studiogmlr.fr\/?p=62\">purr-hifi _ Mathilde Couturier<\/a><\/li>\n<\/ul>","protected":false},"excerpt":{"rendered":"<p>\u00ab&nbsp;Il y a l\u2019art, qui est un grand tout et au sein duquel cohabitent toutes sortes de pratiques, certaines li\u00e9es \u00e0 l\u2019objet, d\u2019autres au langage, d\u2019autres encore au r\u00e9el, \u00e0 la fiction, au corps, \u00e0 la g\u00e9ographie [\u2026] Je pr\u00e9f\u00e8re ces cat\u00e9gories, \u00e0 inventer, \u00e0 questionner sans cesse, \u00e0 celles li\u00e9es \u00e0 l\u2019utilisation d\u2019un outil [&hellip;]<\/p>\n","protected":false},"author":2,"featured_media":0,"parent":0,"menu_order":0,"comment_status":"closed","ping_status":"closed","template":"","meta":{"footnotes":""},"class_list":["post-57","page","type-page","status-publish","hentry"],"_links":{"self":[{"href":"https:\/\/studiogmlr.fr\/index.php?rest_route=\/wp\/v2\/pages\/57","targetHints":{"allow":["GET"]}}],"collection":[{"href":"https:\/\/studiogmlr.fr\/index.php?rest_route=\/wp\/v2\/pages"}],"about":[{"href":"https:\/\/studiogmlr.fr\/index.php?rest_route=\/wp\/v2\/types\/page"}],"author":[{"embeddable":true,"href":"https:\/\/studiogmlr.fr\/index.php?rest_route=\/wp\/v2\/users\/2"}],"replies":[{"embeddable":true,"href":"https:\/\/studiogmlr.fr\/index.php?rest_route=%2Fwp%2Fv2%2Fcomments&post=57"}],"version-history":[{"count":7,"href":"https:\/\/studiogmlr.fr\/index.php?rest_route=\/wp\/v2\/pages\/57\/revisions"}],"predecessor-version":[{"id":229,"href":"https:\/\/studiogmlr.fr\/index.php?rest_route=\/wp\/v2\/pages\/57\/revisions\/229"}],"wp:attachment":[{"href":"https:\/\/studiogmlr.fr\/index.php?rest_route=%2Fwp%2Fv2%2Fmedia&parent=57"}],"curies":[{"name":"wp","href":"https:\/\/api.w.org\/{rel}","templated":true}]}}