{"id":41,"date":"2021-03-27T11:11:39","date_gmt":"2021-03-27T10:11:39","guid":{"rendered":"https:\/\/studiogmlr.fr\/?page_id=41"},"modified":"2023-01-30T22:52:44","modified_gmt":"2023-01-30T21:52:44","slug":"corps-sonores-studio-gmlr-edition-2019-2020","status":"publish","type":"page","link":"https:\/\/studiogmlr.fr\/?page_id=41","title":{"rendered":"Corps Sonores \/ studio GMLR \u00e9dition 2019\/2020"},"content":{"rendered":"\n<p>Deuxi\u00e8me exposition du studio g\u00e9mellaire ou GMLR (rapprochement des ateliers de cr\u00e9ation sonore d\u2019ARTS2 \u00e0 Mons et de l\u2019ES\u00c4-NPdC \u00e0 Tourcoing). Un son na\u00eet, se d\u00e9place dans l\u2019air et finit par dispara\u00eetre. Dans ce laps de temps, c\u2019est la place de l\u2019homme qui nous int\u00e9resse : \u00e9metteur ? r\u00e9cepteur ? transmetteur ? relai po\u00e9tique et\/ou politique ? Nous avan\u00e7ons une hypoth\u00e8se polys\u00e9mique : nous sommes des corps sonores. C\u2019est en cette qualit\u00e9 que les \u00e9l\u00e8ves interrogent les conditions d&rsquo;apparition et de propagation du son. Leurs propositions explorent le fait sonore sous plusieurs angles &#8211; psycho-acoustique, social ou sp\u00e9culatif &#8211; dans un large spectre de pratiques : de l&rsquo;installation \u00e0 la performance, du documentaire \u00e0 la fiction, en passant par des formes hybrides et interm\u00e9dia.<\/p>\n\n\n\n<figure class=\"wp-block-image size-large\"><img loading=\"lazy\" decoding=\"async\" width=\"1810\" height=\"2560\" src=\"https:\/\/studiogmlr.fr\/wp-content\/uploads\/2021\/03\/CorpsSonores2-2-scaled.jpg\" alt=\"\" class=\"wp-image-36\" srcset=\"https:\/\/studiogmlr.fr\/wp-content\/uploads\/2021\/03\/CorpsSonores2-2-scaled.jpg 1810w, https:\/\/studiogmlr.fr\/wp-content\/uploads\/2021\/03\/CorpsSonores2-2-212x300.jpg 212w\" sizes=\"auto, (max-width: 1810px) 100vw, 1810px\" \/><\/figure>\n\n\n\n<div class=\"wp-block-group alignwide has-small-font-size is-vertical is-content-justification-center is-layout-flex wp-container-core-group-is-layout-4b2eccd6 wp-block-group-is-layout-flex\"><ul class=\"wp-block-latest-posts__list is-grid columns-3 wp-block-latest-posts\"><li><a class=\"wp-block-latest-posts__post-title\" href=\"https:\/\/studiogmlr.fr\/?p=116\">Gallustan \/ Mer du Nord _      ALEXIS COSTEUX<\/a><\/li>\n<li><div class=\"wp-block-latest-posts__featured-image aligncenter\"><img loading=\"lazy\" decoding=\"async\" width=\"300\" height=\"200\" src=\"https:\/\/studiogmlr.fr\/wp-content\/uploads\/2021\/03\/marie-1-300x200.jpg\" class=\"attachment-medium size-medium wp-post-image\" alt=\"\" style=\"\" srcset=\"https:\/\/studiogmlr.fr\/wp-content\/uploads\/2021\/03\/marie-1-300x200.jpg 300w, https:\/\/studiogmlr.fr\/wp-content\/uploads\/2021\/03\/marie-1-1024x682.jpg 1024w, https:\/\/studiogmlr.fr\/wp-content\/uploads\/2021\/03\/marie-1-768x511.jpg 768w, https:\/\/studiogmlr.fr\/wp-content\/uploads\/2021\/03\/marie-1-1536x1023.jpg 1536w, https:\/\/studiogmlr.fr\/wp-content\/uploads\/2021\/03\/marie-1-2048x1364.jpg 2048w, https:\/\/studiogmlr.fr\/wp-content\/uploads\/2021\/03\/marie-1-1568x1044.jpg 1568w\" sizes=\"auto, (max-width: 300px) 100vw, 300px\" \/><\/div><a class=\"wp-block-latest-posts__post-title\" href=\"https:\/\/studiogmlr.fr\/?p=113\">Noises I Couldn\u2019t Ignore _ MARIE\u2009BERTRAND<\/a><\/li>\n<li><div class=\"wp-block-latest-posts__featured-image aligncenter\"><img loading=\"lazy\" decoding=\"async\" width=\"300\" height=\"300\" src=\"https:\/\/studiogmlr.fr\/wp-content\/uploads\/2021\/03\/325297517_3311614135747298_2521208164081647932_n-300x300.png\" class=\"attachment-medium size-medium wp-post-image\" alt=\"\" style=\"\" srcset=\"https:\/\/studiogmlr.fr\/wp-content\/uploads\/2021\/03\/325297517_3311614135747298_2521208164081647932_n-300x300.png 300w, https:\/\/studiogmlr.fr\/wp-content\/uploads\/2021\/03\/325297517_3311614135747298_2521208164081647932_n-1024x1021.png 1024w, https:\/\/studiogmlr.fr\/wp-content\/uploads\/2021\/03\/325297517_3311614135747298_2521208164081647932_n-150x150.png 150w, https:\/\/studiogmlr.fr\/wp-content\/uploads\/2021\/03\/325297517_3311614135747298_2521208164081647932_n-768x766.png 768w, https:\/\/studiogmlr.fr\/wp-content\/uploads\/2021\/03\/325297517_3311614135747298_2521208164081647932_n-508x507.png 508w, https:\/\/studiogmlr.fr\/wp-content\/uploads\/2021\/03\/325297517_3311614135747298_2521208164081647932_n.png 1054w\" sizes=\"auto, (max-width: 300px) 100vw, 300px\" \/><\/div><a class=\"wp-block-latest-posts__post-title\" href=\"https:\/\/studiogmlr.fr\/?p=111\">Boulevard sonore _                                     THIBAULT\u2009DANHAIVE<\/a><\/li>\n<li><div class=\"wp-block-latest-posts__featured-image aligncenter\"><img loading=\"lazy\" decoding=\"async\" width=\"300\" height=\"200\" src=\"https:\/\/studiogmlr.fr\/wp-content\/uploads\/2021\/03\/boceno-ws-mons-300x200.jpg\" class=\"attachment-medium size-medium wp-post-image\" alt=\"\" style=\"\" srcset=\"https:\/\/studiogmlr.fr\/wp-content\/uploads\/2021\/03\/boceno-ws-mons-300x200.jpg 300w, https:\/\/studiogmlr.fr\/wp-content\/uploads\/2021\/03\/boceno-ws-mons-1024x683.jpg 1024w, https:\/\/studiogmlr.fr\/wp-content\/uploads\/2021\/03\/boceno-ws-mons-768x512.jpg 768w\" sizes=\"auto, (max-width: 300px) 100vw, 300px\" \/><\/div><a class=\"wp-block-latest-posts__post-title\" href=\"https:\/\/studiogmlr.fr\/?p=109\">Connexion _             MAUREEN BOCENO<\/a><\/li>\n<li><div class=\"wp-block-latest-posts__featured-image aligncenter\"><img loading=\"lazy\" decoding=\"async\" width=\"225\" height=\"300\" src=\"https:\/\/studiogmlr.fr\/wp-content\/uploads\/2021\/03\/selen-225x300.png\" class=\"attachment-medium size-medium wp-post-image\" alt=\"\" style=\"\" srcset=\"https:\/\/studiogmlr.fr\/wp-content\/uploads\/2021\/03\/selen-225x300.png 225w, https:\/\/studiogmlr.fr\/wp-content\/uploads\/2021\/03\/selen.png 652w\" sizes=\"auto, (max-width: 225px) 100vw, 225px\" \/><\/div><a class=\"wp-block-latest-posts__post-title\" href=\"https:\/\/studiogmlr.fr\/?p=103\">Interrupteur _                SELEN\u2009ELDOGAN<\/a><\/li>\n<li><div class=\"wp-block-latest-posts__featured-image aligncenter\"><img loading=\"lazy\" decoding=\"async\" width=\"300\" height=\"234\" src=\"https:\/\/studiogmlr.fr\/wp-content\/uploads\/2021\/03\/emma-better-egergrg-300x234.png\" class=\"attachment-medium size-medium wp-post-image\" alt=\"\" style=\"\" srcset=\"https:\/\/studiogmlr.fr\/wp-content\/uploads\/2021\/03\/emma-better-egergrg-300x234.png 300w, https:\/\/studiogmlr.fr\/wp-content\/uploads\/2021\/03\/emma-better-egergrg-1024x800.png 1024w, https:\/\/studiogmlr.fr\/wp-content\/uploads\/2021\/03\/emma-better-egergrg-768x600.png 768w, https:\/\/studiogmlr.fr\/wp-content\/uploads\/2021\/03\/emma-better-egergrg.png 1029w\" sizes=\"auto, (max-width: 300px) 100vw, 300px\" \/><\/div><a class=\"wp-block-latest-posts__post-title\" href=\"https:\/\/studiogmlr.fr\/?p=101\">Quand le corps \u00e9crit _EMMA\u2009LANDET-LACOSTE<\/a><\/li>\n<li><div class=\"wp-block-latest-posts__featured-image aligncenter\"><img loading=\"lazy\" decoding=\"async\" width=\"300\" height=\"169\" src=\"https:\/\/studiogmlr.fr\/wp-content\/uploads\/2021\/03\/jessica-man-300x169.jpg\" class=\"attachment-medium size-medium wp-post-image\" alt=\"\" style=\"\" srcset=\"https:\/\/studiogmlr.fr\/wp-content\/uploads\/2021\/03\/jessica-man-300x169.jpg 300w, https:\/\/studiogmlr.fr\/wp-content\/uploads\/2021\/03\/jessica-man-1024x576.jpg 1024w, https:\/\/studiogmlr.fr\/wp-content\/uploads\/2021\/03\/jessica-man-768x432.jpg 768w, https:\/\/studiogmlr.fr\/wp-content\/uploads\/2021\/03\/jessica-man-1536x864.jpg 1536w, https:\/\/studiogmlr.fr\/wp-content\/uploads\/2021\/03\/jessica-man-1240x698.jpg 1240w, https:\/\/studiogmlr.fr\/wp-content\/uploads\/2021\/03\/jessica-man-508x286.jpg 508w, https:\/\/studiogmlr.fr\/wp-content\/uploads\/2021\/03\/jessica-man.jpg 2048w\" sizes=\"auto, (max-width: 300px) 100vw, 300px\" \/><\/div><a class=\"wp-block-latest-posts__post-title\" href=\"https:\/\/studiogmlr.fr\/?p=97\">Puzak _JESSIE\u2009MANICA<\/a><\/li>\n<li><div class=\"wp-block-latest-posts__featured-image aligncenter\"><img loading=\"lazy\" decoding=\"async\" width=\"300\" height=\"169\" src=\"https:\/\/studiogmlr.fr\/wp-content\/uploads\/2021\/03\/ghyzlene--300x169.png\" class=\"attachment-medium size-medium wp-post-image\" alt=\"\" style=\"\" srcset=\"https:\/\/studiogmlr.fr\/wp-content\/uploads\/2021\/03\/ghyzlene--300x169.png 300w, https:\/\/studiogmlr.fr\/wp-content\/uploads\/2021\/03\/ghyzlene--1024x577.png 1024w, https:\/\/studiogmlr.fr\/wp-content\/uploads\/2021\/03\/ghyzlene--768x433.png 768w, https:\/\/studiogmlr.fr\/wp-content\/uploads\/2021\/03\/ghyzlene--1536x866.png 1536w, https:\/\/studiogmlr.fr\/wp-content\/uploads\/2021\/03\/ghyzlene--2048x1155.png 2048w, https:\/\/studiogmlr.fr\/wp-content\/uploads\/2021\/03\/ghyzlene--1568x884.png 1568w\" sizes=\"auto, (max-width: 300px) 100vw, 300px\" \/><\/div><a class=\"wp-block-latest-posts__post-title\" href=\"https:\/\/studiogmlr.fr\/?p=95\">Spa. Lot 33, Blida n\u00b02 _GHYZL\u00c8NE BOUKA\u00cfLA<\/a><\/li>\n<li><div class=\"wp-block-latest-posts__featured-image aligncenter\"><img loading=\"lazy\" decoding=\"async\" width=\"224\" height=\"300\" src=\"https:\/\/studiogmlr.fr\/wp-content\/uploads\/2021\/03\/DA-costa-224x300.jpg\" class=\"attachment-medium size-medium wp-post-image\" alt=\"\" style=\"\" srcset=\"https:\/\/studiogmlr.fr\/wp-content\/uploads\/2021\/03\/DA-costa-224x300.jpg 224w, https:\/\/studiogmlr.fr\/wp-content\/uploads\/2021\/03\/DA-costa.jpg 338w\" sizes=\"auto, (max-width: 224px) 100vw, 224px\" \/><\/div><a class=\"wp-block-latest-posts__post-title\" href=\"https:\/\/studiogmlr.fr\/?p=91\">86 db Highway _EMMANUEL\u2009DA\u2009COSTA<\/a><\/li>\n<li><div class=\"wp-block-latest-posts__featured-image aligncenter\"><img loading=\"lazy\" decoding=\"async\" width=\"269\" height=\"300\" src=\"https:\/\/studiogmlr.fr\/wp-content\/uploads\/2021\/03\/3-269x300.png\" class=\"attachment-medium size-medium wp-post-image\" alt=\"\" style=\"\" srcset=\"https:\/\/studiogmlr.fr\/wp-content\/uploads\/2021\/03\/3-269x300.png 269w, https:\/\/studiogmlr.fr\/wp-content\/uploads\/2021\/03\/3-917x1024.png 917w, https:\/\/studiogmlr.fr\/wp-content\/uploads\/2021\/03\/3-768x858.png 768w, https:\/\/studiogmlr.fr\/wp-content\/uploads\/2021\/03\/3-1240x1385.png 1240w, https:\/\/studiogmlr.fr\/wp-content\/uploads\/2021\/03\/3-508x567.png 508w, https:\/\/studiogmlr.fr\/wp-content\/uploads\/2021\/03\/3.png 1294w\" sizes=\"auto, (max-width: 269px) 100vw, 269px\" \/><\/div><a class=\"wp-block-latest-posts__post-title\" href=\"https:\/\/studiogmlr.fr\/?p=89\">Attention au bruit_ MARGAUX\u2009DODARD<\/a><\/li>\n<li><div class=\"wp-block-latest-posts__featured-image aligncenter\"><img loading=\"lazy\" decoding=\"async\" width=\"300\" height=\"168\" src=\"https:\/\/studiogmlr.fr\/wp-content\/uploads\/2021\/03\/Sibilation_Boite-4-300x168.jpg\" class=\"attachment-medium size-medium wp-post-image\" alt=\"\" style=\"\" srcset=\"https:\/\/studiogmlr.fr\/wp-content\/uploads\/2021\/03\/Sibilation_Boite-4-300x168.jpg 300w, https:\/\/studiogmlr.fr\/wp-content\/uploads\/2021\/03\/Sibilation_Boite-4-1024x573.jpg 1024w, https:\/\/studiogmlr.fr\/wp-content\/uploads\/2021\/03\/Sibilation_Boite-4-768x430.jpg 768w, https:\/\/studiogmlr.fr\/wp-content\/uploads\/2021\/03\/Sibilation_Boite-4-1536x860.jpg 1536w, https:\/\/studiogmlr.fr\/wp-content\/uploads\/2021\/03\/Sibilation_Boite-4-2048x1147.jpg 2048w, https:\/\/studiogmlr.fr\/wp-content\/uploads\/2021\/03\/Sibilation_Boite-4-1240x694.jpg 1240w, https:\/\/studiogmlr.fr\/wp-content\/uploads\/2021\/03\/Sibilation_Boite-4-508x284.jpg 508w\" sizes=\"auto, (max-width: 300px) 100vw, 300px\" \/><\/div><a class=\"wp-block-latest-posts__post-title\" href=\"https:\/\/studiogmlr.fr\/?p=87\">Sibilation -MAXIME VAN ROY<\/a><\/li>\n<li><div class=\"wp-block-latest-posts__featured-image aligncenter\"><img loading=\"lazy\" decoding=\"async\" width=\"300\" height=\"169\" src=\"https:\/\/studiogmlr.fr\/wp-content\/uploads\/2021\/03\/122491014_3609273262458239_867635751790045009_n-300x169.jpg\" class=\"attachment-medium size-medium wp-post-image\" alt=\"\" style=\"\" srcset=\"https:\/\/studiogmlr.fr\/wp-content\/uploads\/2021\/03\/122491014_3609273262458239_867635751790045009_n-300x169.jpg 300w, https:\/\/studiogmlr.fr\/wp-content\/uploads\/2021\/03\/122491014_3609273262458239_867635751790045009_n-1024x576.jpg 1024w, https:\/\/studiogmlr.fr\/wp-content\/uploads\/2021\/03\/122491014_3609273262458239_867635751790045009_n-768x432.jpg 768w, https:\/\/studiogmlr.fr\/wp-content\/uploads\/2021\/03\/122491014_3609273262458239_867635751790045009_n-1536x865.jpg 1536w, https:\/\/studiogmlr.fr\/wp-content\/uploads\/2021\/03\/122491014_3609273262458239_867635751790045009_n-1240x698.jpg 1240w, https:\/\/studiogmlr.fr\/wp-content\/uploads\/2021\/03\/122491014_3609273262458239_867635751790045009_n-508x286.jpg 508w, https:\/\/studiogmlr.fr\/wp-content\/uploads\/2021\/03\/122491014_3609273262458239_867635751790045009_n.jpg 1851w\" sizes=\"auto, (max-width: 300px) 100vw, 300px\" \/><\/div><a class=\"wp-block-latest-posts__post-title\" href=\"https:\/\/studiogmlr.fr\/?p=85\">R\u00e9manence-L\u00c9A ROGER<\/a><\/li>\n<li><div class=\"wp-block-latest-posts__featured-image aligncenter\"><img loading=\"lazy\" decoding=\"async\" width=\"300\" height=\"218\" src=\"https:\/\/studiogmlr.fr\/wp-content\/uploads\/2021\/03\/20200128-Margaux-Ribeaucourt-Convergence-3_1-300x218.jpg\" class=\"attachment-medium size-medium wp-post-image\" alt=\"\" style=\"\" srcset=\"https:\/\/studiogmlr.fr\/wp-content\/uploads\/2021\/03\/20200128-Margaux-Ribeaucourt-Convergence-3_1-300x218.jpg 300w, https:\/\/studiogmlr.fr\/wp-content\/uploads\/2021\/03\/20200128-Margaux-Ribeaucourt-Convergence-3_1-1024x744.jpg 1024w, https:\/\/studiogmlr.fr\/wp-content\/uploads\/2021\/03\/20200128-Margaux-Ribeaucourt-Convergence-3_1-768x558.jpg 768w, https:\/\/studiogmlr.fr\/wp-content\/uploads\/2021\/03\/20200128-Margaux-Ribeaucourt-Convergence-3_1-1536x1115.jpg 1536w, https:\/\/studiogmlr.fr\/wp-content\/uploads\/2021\/03\/20200128-Margaux-Ribeaucourt-Convergence-3_1-1568x1139.jpg 1568w, https:\/\/studiogmlr.fr\/wp-content\/uploads\/2021\/03\/20200128-Margaux-Ribeaucourt-Convergence-3_1.jpg 2012w\" sizes=\"auto, (max-width: 300px) 100vw, 300px\" \/><\/div><a class=\"wp-block-latest-posts__post-title\" href=\"https:\/\/studiogmlr.fr\/?p=83\">Convergence des luttes-MARGAUX RIBEAUCOURT<\/a><\/li>\n<\/ul><\/div>\n","protected":false},"excerpt":{"rendered":"<p>Deuxi\u00e8me exposition du studio g\u00e9mellaire ou GMLR (rapprochement des ateliers de cr\u00e9ation sonore d\u2019ARTS2 \u00e0 Mons et de l\u2019ES\u00c4-NPdC \u00e0 Tourcoing). Un son na\u00eet, se d\u00e9place dans l\u2019air et finit par dispara\u00eetre. Dans ce laps de temps, c\u2019est la place de l\u2019homme qui nous int\u00e9resse : \u00e9metteur ? r\u00e9cepteur ? transmetteur ? relai po\u00e9tique et\/ou [&hellip;]<\/p>\n","protected":false},"author":2,"featured_media":35,"parent":0,"menu_order":0,"comment_status":"closed","ping_status":"closed","template":"","meta":{"footnotes":""},"class_list":["post-41","page","type-page","status-publish","has-post-thumbnail","hentry"],"_links":{"self":[{"href":"https:\/\/studiogmlr.fr\/index.php?rest_route=\/wp\/v2\/pages\/41","targetHints":{"allow":["GET"]}}],"collection":[{"href":"https:\/\/studiogmlr.fr\/index.php?rest_route=\/wp\/v2\/pages"}],"about":[{"href":"https:\/\/studiogmlr.fr\/index.php?rest_route=\/wp\/v2\/types\/page"}],"author":[{"embeddable":true,"href":"https:\/\/studiogmlr.fr\/index.php?rest_route=\/wp\/v2\/users\/2"}],"replies":[{"embeddable":true,"href":"https:\/\/studiogmlr.fr\/index.php?rest_route=%2Fwp%2Fv2%2Fcomments&post=41"}],"version-history":[{"count":5,"href":"https:\/\/studiogmlr.fr\/index.php?rest_route=\/wp\/v2\/pages\/41\/revisions"}],"predecessor-version":[{"id":227,"href":"https:\/\/studiogmlr.fr\/index.php?rest_route=\/wp\/v2\/pages\/41\/revisions\/227"}],"wp:featuredmedia":[{"embeddable":true,"href":"https:\/\/studiogmlr.fr\/index.php?rest_route=\/wp\/v2\/media\/35"}],"wp:attachment":[{"href":"https:\/\/studiogmlr.fr\/index.php?rest_route=%2Fwp%2Fv2%2Fmedia&parent=41"}],"curies":[{"name":"wp","href":"https:\/\/api.w.org\/{rel}","templated":true}]}}