{"id":243,"date":"2023-01-31T11:28:11","date_gmt":"2023-01-31T10:28:11","guid":{"rendered":"https:\/\/studiogmlr.fr\/?page_id=243"},"modified":"2023-02-01T12:39:30","modified_gmt":"2023-02-01T11:39:30","slug":"signal-studio-gmlr-2022-2023","status":"publish","type":"page","link":"https:\/\/studiogmlr.fr\/?page_id=243","title":{"rendered":"Signal \/ Studio GMLR \u00e9dition 2022\/2023"},"content":{"rendered":"\n<p>Le GMLR ou studio g\u00e9mellaire, c\u2019est l\u2019atelier sonore transfrontalier commun aux \u00e9coles <strong>ARTS<\/strong><strong><sup>2<\/sup><\/strong>&nbsp;de Mons en Belgique et l\u2019<strong>ES\u00c4<\/strong> Dunkerque -Tourcoing, site de Tourcoing.<\/p>\n\n\n\n<p>Comme chaque ann\u00e9e, \u00e0 la suite de workshops, le GMLR propose une exposition interm\u00e9dia qui associe les recherches et les travaux d\u2019une dizaine d\u2019\u00e9l\u00e8ves provenant des deux \u00e9tablissements. Cette ann\u00e9e l\u2019exposition est consacr\u00e9e \u00e0 des questions li\u00e9es au th\u00e8me du signal\u00a0: quel peut \u00eatre son contenu\u00a0? son contexte d\u2019\u00e9mission ou de r\u00e9ception\u00a0? qui l\u2019\u00e9met\u00a0? qui le re\u00e7oit\u00a0?&#8230; Les propositions des \u00e9l\u00e8ves s\u2019inscrivent dans un large \u00e9ventail de pratiques : performance, installation, film documentaire, composition musicale, cr\u00e9ation num\u00e9rique\u2026<\/p>\n\n\n\n<p><\/p>\n\n\n<div class=\"wp-block-image\">\n<figure class=\"aligncenter size-large\"><img loading=\"lazy\" decoding=\"async\" width=\"724\" height=\"1024\" src=\"https:\/\/studiogmlr.fr\/wp-content\/uploads\/2023\/01\/Signal-1-724x1024.jpg\" alt=\"\" class=\"wp-image-244\" srcset=\"https:\/\/studiogmlr.fr\/wp-content\/uploads\/2023\/01\/Signal-1-724x1024.jpg 724w, https:\/\/studiogmlr.fr\/wp-content\/uploads\/2023\/01\/Signal-1-212x300.jpg 212w, https:\/\/studiogmlr.fr\/wp-content\/uploads\/2023\/01\/Signal-1-768x1086.jpg 768w, https:\/\/studiogmlr.fr\/wp-content\/uploads\/2023\/01\/Signal-1-1086x1536.jpg 1086w, https:\/\/studiogmlr.fr\/wp-content\/uploads\/2023\/01\/Signal-1-508x718.jpg 508w, https:\/\/studiogmlr.fr\/wp-content\/uploads\/2023\/01\/Signal-1.jpg 1191w\" sizes=\"auto, (max-width: 724px) 100vw, 724px\" \/><\/figure>\n<\/div>\n\n<ul class=\"wp-block-latest-posts__list is-grid columns-3 aligncenter wp-block-latest-posts has-small-font-size\"><li><div class=\"wp-block-latest-posts__featured-image\"><img loading=\"lazy\" decoding=\"async\" width=\"300\" height=\"300\" src=\"https:\/\/studiogmlr.fr\/wp-content\/uploads\/2023\/01\/Brandon-Coldebella-300x300.jpg\" class=\"attachment-medium size-medium wp-post-image\" alt=\"\" style=\"\" srcset=\"https:\/\/studiogmlr.fr\/wp-content\/uploads\/2023\/01\/Brandon-Coldebella-300x300.jpg 300w, https:\/\/studiogmlr.fr\/wp-content\/uploads\/2023\/01\/Brandon-Coldebella-1024x1024.jpg 1024w, https:\/\/studiogmlr.fr\/wp-content\/uploads\/2023\/01\/Brandon-Coldebella-150x150.jpg 150w, https:\/\/studiogmlr.fr\/wp-content\/uploads\/2023\/01\/Brandon-Coldebella-768x768.jpg 768w, https:\/\/studiogmlr.fr\/wp-content\/uploads\/2023\/01\/Brandon-Coldebella-1240x1240.jpg 1240w, https:\/\/studiogmlr.fr\/wp-content\/uploads\/2023\/01\/Brandon-Coldebella-508x508.jpg 508w, https:\/\/studiogmlr.fr\/wp-content\/uploads\/2023\/01\/Brandon-Coldebella.jpg 1500w\" sizes=\"auto, (max-width: 300px) 100vw, 300px\" \/><\/div><a class=\"wp-block-latest-posts__post-title\" href=\"https:\/\/studiogmlr.fr\/?p=248\"><strong><em>The Code (Challenge of dance experience)<\/em><\/strong><\/a><\/li>\n<li><div class=\"wp-block-latest-posts__featured-image\"><img loading=\"lazy\" decoding=\"async\" width=\"300\" height=\"300\" src=\"https:\/\/studiogmlr.fr\/wp-content\/uploads\/2023\/01\/jafrey-tourcoing-300x300.jpg\" class=\"attachment-medium size-medium wp-post-image\" alt=\"\" style=\"\" srcset=\"https:\/\/studiogmlr.fr\/wp-content\/uploads\/2023\/01\/jafrey-tourcoing-300x300.jpg 300w, https:\/\/studiogmlr.fr\/wp-content\/uploads\/2023\/01\/jafrey-tourcoing-1024x1024.jpg 1024w, https:\/\/studiogmlr.fr\/wp-content\/uploads\/2023\/01\/jafrey-tourcoing-150x150.jpg 150w, https:\/\/studiogmlr.fr\/wp-content\/uploads\/2023\/01\/jafrey-tourcoing-768x768.jpg 768w, https:\/\/studiogmlr.fr\/wp-content\/uploads\/2023\/01\/jafrey-tourcoing-1240x1240.jpg 1240w, https:\/\/studiogmlr.fr\/wp-content\/uploads\/2023\/01\/jafrey-tourcoing-508x508.jpg 508w, https:\/\/studiogmlr.fr\/wp-content\/uploads\/2023\/01\/jafrey-tourcoing.jpg 1440w\" sizes=\"auto, (max-width: 300px) 100vw, 300px\" \/><\/div><a class=\"wp-block-latest-posts__post-title\" href=\"https:\/\/studiogmlr.fr\/?p=252\"><strong><em>Autoparasitage\u00a0<\/em><\/strong><\/a><\/li>\n<li><div class=\"wp-block-latest-posts__featured-image\"><img loading=\"lazy\" decoding=\"async\" width=\"300\" height=\"246\" src=\"https:\/\/studiogmlr.fr\/wp-content\/uploads\/2023\/01\/guerric-tourcoing-e1675616874434-300x246.jpg\" class=\"attachment-medium size-medium wp-post-image\" alt=\"\" style=\"\" srcset=\"https:\/\/studiogmlr.fr\/wp-content\/uploads\/2023\/01\/guerric-tourcoing-e1675616874434-300x246.jpg 300w, https:\/\/studiogmlr.fr\/wp-content\/uploads\/2023\/01\/guerric-tourcoing-e1675616874434-1024x839.jpg 1024w, https:\/\/studiogmlr.fr\/wp-content\/uploads\/2023\/01\/guerric-tourcoing-e1675616874434-768x629.jpg 768w, https:\/\/studiogmlr.fr\/wp-content\/uploads\/2023\/01\/guerric-tourcoing-e1675616874434-1240x1016.jpg 1240w, https:\/\/studiogmlr.fr\/wp-content\/uploads\/2023\/01\/guerric-tourcoing-e1675616874434-508x416.jpg 508w, https:\/\/studiogmlr.fr\/wp-content\/uploads\/2023\/01\/guerric-tourcoing-e1675616874434.jpg 1274w\" sizes=\"auto, (max-width: 300px) 100vw, 300px\" \/><\/div><a class=\"wp-block-latest-posts__post-title\" href=\"https:\/\/studiogmlr.fr\/?p=255\">Espaces Sons<\/a><\/li>\n<li><div class=\"wp-block-latest-posts__featured-image\"><img loading=\"lazy\" decoding=\"async\" width=\"300\" height=\"300\" src=\"https:\/\/studiogmlr.fr\/wp-content\/uploads\/2023\/01\/vivien-tourcoing-300x300.jpg\" class=\"attachment-medium size-medium wp-post-image\" alt=\"\" style=\"\" srcset=\"https:\/\/studiogmlr.fr\/wp-content\/uploads\/2023\/01\/vivien-tourcoing-300x300.jpg 300w, https:\/\/studiogmlr.fr\/wp-content\/uploads\/2023\/01\/vivien-tourcoing-1024x1024.jpg 1024w, https:\/\/studiogmlr.fr\/wp-content\/uploads\/2023\/01\/vivien-tourcoing-150x150.jpg 150w, https:\/\/studiogmlr.fr\/wp-content\/uploads\/2023\/01\/vivien-tourcoing-768x768.jpg 768w, https:\/\/studiogmlr.fr\/wp-content\/uploads\/2023\/01\/vivien-tourcoing-1240x1240.jpg 1240w, https:\/\/studiogmlr.fr\/wp-content\/uploads\/2023\/01\/vivien-tourcoing-508x508.jpg 508w, https:\/\/studiogmlr.fr\/wp-content\/uploads\/2023\/01\/vivien-tourcoing.jpg 1440w\" sizes=\"auto, (max-width: 300px) 100vw, 300px\" \/><\/div><a class=\"wp-block-latest-posts__post-title\" href=\"https:\/\/studiogmlr.fr\/?p=258\">L&rsquo;\u0152il qui Observe<\/a><\/li>\n<li><div class=\"wp-block-latest-posts__featured-image\"><img loading=\"lazy\" decoding=\"async\" width=\"300\" height=\"300\" src=\"https:\/\/studiogmlr.fr\/wp-content\/uploads\/2023\/01\/blanche-tourcoing-300x300.jpg\" class=\"attachment-medium size-medium wp-post-image\" alt=\"\" style=\"\" srcset=\"https:\/\/studiogmlr.fr\/wp-content\/uploads\/2023\/01\/blanche-tourcoing-300x300.jpg 300w, https:\/\/studiogmlr.fr\/wp-content\/uploads\/2023\/01\/blanche-tourcoing-1024x1024.jpg 1024w, https:\/\/studiogmlr.fr\/wp-content\/uploads\/2023\/01\/blanche-tourcoing-150x150.jpg 150w, https:\/\/studiogmlr.fr\/wp-content\/uploads\/2023\/01\/blanche-tourcoing-768x768.jpg 768w, https:\/\/studiogmlr.fr\/wp-content\/uploads\/2023\/01\/blanche-tourcoing-1240x1240.jpg 1240w, https:\/\/studiogmlr.fr\/wp-content\/uploads\/2023\/01\/blanche-tourcoing-508x508.jpg 508w, https:\/\/studiogmlr.fr\/wp-content\/uploads\/2023\/01\/blanche-tourcoing.jpg 1440w\" sizes=\"auto, (max-width: 300px) 100vw, 300px\" \/><\/div><a class=\"wp-block-latest-posts__post-title\" href=\"https:\/\/studiogmlr.fr\/?p=261\">chantier<\/a><\/li>\n<li><div class=\"wp-block-latest-posts__featured-image\"><img loading=\"lazy\" decoding=\"async\" width=\"300\" height=\"300\" src=\"https:\/\/studiogmlr.fr\/wp-content\/uploads\/2023\/01\/substra-tourcoing-300x300.jpg\" class=\"attachment-medium size-medium wp-post-image\" alt=\"\" style=\"\" srcset=\"https:\/\/studiogmlr.fr\/wp-content\/uploads\/2023\/01\/substra-tourcoing-300x300.jpg 300w, https:\/\/studiogmlr.fr\/wp-content\/uploads\/2023\/01\/substra-tourcoing-1024x1024.jpg 1024w, https:\/\/studiogmlr.fr\/wp-content\/uploads\/2023\/01\/substra-tourcoing-150x150.jpg 150w, https:\/\/studiogmlr.fr\/wp-content\/uploads\/2023\/01\/substra-tourcoing-768x768.jpg 768w, https:\/\/studiogmlr.fr\/wp-content\/uploads\/2023\/01\/substra-tourcoing-1240x1240.jpg 1240w, https:\/\/studiogmlr.fr\/wp-content\/uploads\/2023\/01\/substra-tourcoing-508x508.jpg 508w, https:\/\/studiogmlr.fr\/wp-content\/uploads\/2023\/01\/substra-tourcoing.jpg 1440w\" sizes=\"auto, (max-width: 300px) 100vw, 300px\" \/><\/div><a class=\"wp-block-latest-posts__post-title\" href=\"https:\/\/studiogmlr.fr\/?p=267\">En phase, hors phase<\/a><\/li>\n<li><div class=\"wp-block-latest-posts__featured-image\"><img loading=\"lazy\" decoding=\"async\" width=\"300\" height=\"300\" src=\"https:\/\/studiogmlr.fr\/wp-content\/uploads\/2023\/01\/ju-lio-tourcoing-300x300.jpg\" class=\"attachment-medium size-medium wp-post-image\" alt=\"\" style=\"\" srcset=\"https:\/\/studiogmlr.fr\/wp-content\/uploads\/2023\/01\/ju-lio-tourcoing-300x300.jpg 300w, https:\/\/studiogmlr.fr\/wp-content\/uploads\/2023\/01\/ju-lio-tourcoing-1024x1024.jpg 1024w, https:\/\/studiogmlr.fr\/wp-content\/uploads\/2023\/01\/ju-lio-tourcoing-150x150.jpg 150w, https:\/\/studiogmlr.fr\/wp-content\/uploads\/2023\/01\/ju-lio-tourcoing-768x768.jpg 768w, https:\/\/studiogmlr.fr\/wp-content\/uploads\/2023\/01\/ju-lio-tourcoing-1240x1240.jpg 1240w, https:\/\/studiogmlr.fr\/wp-content\/uploads\/2023\/01\/ju-lio-tourcoing-508x508.jpg 508w, https:\/\/studiogmlr.fr\/wp-content\/uploads\/2023\/01\/ju-lio-tourcoing.jpg 1440w\" sizes=\"auto, (max-width: 300px) 100vw, 300px\" \/><\/div><a class=\"wp-block-latest-posts__post-title\" href=\"https:\/\/studiogmlr.fr\/?p=270\">Mon amie, avec sa veste violette<\/a><\/li>\n<li><div class=\"wp-block-latest-posts__featured-image\"><img loading=\"lazy\" decoding=\"async\" width=\"300\" height=\"300\" src=\"https:\/\/studiogmlr.fr\/wp-content\/uploads\/2023\/01\/roman-tourcoing-300x300.jpg\" class=\"attachment-medium size-medium wp-post-image\" alt=\"\" style=\"\" srcset=\"https:\/\/studiogmlr.fr\/wp-content\/uploads\/2023\/01\/roman-tourcoing-300x300.jpg 300w, https:\/\/studiogmlr.fr\/wp-content\/uploads\/2023\/01\/roman-tourcoing-1024x1024.jpg 1024w, https:\/\/studiogmlr.fr\/wp-content\/uploads\/2023\/01\/roman-tourcoing-150x150.jpg 150w, https:\/\/studiogmlr.fr\/wp-content\/uploads\/2023\/01\/roman-tourcoing-768x768.jpg 768w, https:\/\/studiogmlr.fr\/wp-content\/uploads\/2023\/01\/roman-tourcoing-1240x1240.jpg 1240w, https:\/\/studiogmlr.fr\/wp-content\/uploads\/2023\/01\/roman-tourcoing-508x508.jpg 508w, https:\/\/studiogmlr.fr\/wp-content\/uploads\/2023\/01\/roman-tourcoing.jpg 1440w\" sizes=\"auto, (max-width: 300px) 100vw, 300px\" \/><\/div><a class=\"wp-block-latest-posts__post-title\" href=\"https:\/\/studiogmlr.fr\/?p=273\">COMPI\u00c8GNE Roman.<\/a><\/li>\n<li><div class=\"wp-block-latest-posts__featured-image\"><img loading=\"lazy\" decoding=\"async\" width=\"300\" height=\"300\" src=\"https:\/\/studiogmlr.fr\/wp-content\/uploads\/2023\/01\/clair-tourcoing-300x300.jpg\" class=\"attachment-medium size-medium wp-post-image\" alt=\"\" style=\"\" srcset=\"https:\/\/studiogmlr.fr\/wp-content\/uploads\/2023\/01\/clair-tourcoing-300x300.jpg 300w, https:\/\/studiogmlr.fr\/wp-content\/uploads\/2023\/01\/clair-tourcoing-1024x1024.jpg 1024w, https:\/\/studiogmlr.fr\/wp-content\/uploads\/2023\/01\/clair-tourcoing-150x150.jpg 150w, https:\/\/studiogmlr.fr\/wp-content\/uploads\/2023\/01\/clair-tourcoing-768x768.jpg 768w, https:\/\/studiogmlr.fr\/wp-content\/uploads\/2023\/01\/clair-tourcoing-1240x1240.jpg 1240w, https:\/\/studiogmlr.fr\/wp-content\/uploads\/2023\/01\/clair-tourcoing-508x508.jpg 508w, https:\/\/studiogmlr.fr\/wp-content\/uploads\/2023\/01\/clair-tourcoing.jpg 1440w\" sizes=\"auto, (max-width: 300px) 100vw, 300px\" \/><\/div><a class=\"wp-block-latest-posts__post-title\" href=\"https:\/\/studiogmlr.fr\/?p=276\">Ce ne sont que deux pierres qui se parlent<\/a><\/li>\n<\/ul>","protected":false},"excerpt":{"rendered":"<p>Le GMLR ou studio g\u00e9mellaire, c\u2019est l\u2019atelier sonore transfrontalier commun aux \u00e9coles ARTS2&nbsp;de Mons en Belgique et l\u2019ES\u00c4 Dunkerque -Tourcoing, site de Tourcoing. Comme chaque ann\u00e9e, \u00e0 la suite de workshops, le GMLR propose une exposition interm\u00e9dia qui associe les recherches et les travaux d\u2019une dizaine d\u2019\u00e9l\u00e8ves provenant des deux \u00e9tablissements. Cette ann\u00e9e l\u2019exposition est [&hellip;]<\/p>\n","protected":false},"author":2,"featured_media":0,"parent":0,"menu_order":0,"comment_status":"closed","ping_status":"closed","template":"","meta":{"footnotes":""},"class_list":["post-243","page","type-page","status-publish","hentry"],"_links":{"self":[{"href":"https:\/\/studiogmlr.fr\/index.php?rest_route=\/wp\/v2\/pages\/243","targetHints":{"allow":["GET"]}}],"collection":[{"href":"https:\/\/studiogmlr.fr\/index.php?rest_route=\/wp\/v2\/pages"}],"about":[{"href":"https:\/\/studiogmlr.fr\/index.php?rest_route=\/wp\/v2\/types\/page"}],"author":[{"embeddable":true,"href":"https:\/\/studiogmlr.fr\/index.php?rest_route=\/wp\/v2\/users\/2"}],"replies":[{"embeddable":true,"href":"https:\/\/studiogmlr.fr\/index.php?rest_route=%2Fwp%2Fv2%2Fcomments&post=243"}],"version-history":[{"count":4,"href":"https:\/\/studiogmlr.fr\/index.php?rest_route=\/wp\/v2\/pages\/243\/revisions"}],"predecessor-version":[{"id":289,"href":"https:\/\/studiogmlr.fr\/index.php?rest_route=\/wp\/v2\/pages\/243\/revisions\/289"}],"wp:attachment":[{"href":"https:\/\/studiogmlr.fr\/index.php?rest_route=%2Fwp%2Fv2%2Fmedia&parent=243"}],"curies":[{"name":"wp","href":"https:\/\/api.w.org\/{rel}","templated":true}]}}