{"id":180,"date":"2022-02-01T20:45:47","date_gmt":"2022-02-01T19:45:47","guid":{"rendered":"https:\/\/studiogmlr.fr\/?page_id=180"},"modified":"2023-02-01T12:33:04","modified_gmt":"2023-02-01T11:33:04","slug":"sharawadji-agencer-linattendu-studio-gmlr-edition-2019-2020","status":"publish","type":"page","link":"https:\/\/studiogmlr.fr\/?page_id=180","title":{"rendered":"SHARAWADJI !?! \/studio GMLR \u00e9dition 2021\/2022"},"content":{"rendered":"\n<p class=\"has-normal-font-size\"><strong>Agencer l\u2019inattendu<\/strong><\/p>\n\n\n\n<p class=\"has-text-align-center\">Apr\u00e8s deux semaines de workshop, le GMLR (Studio g\u00e9mellaire) consacre<br>son exposition annuelle \u00e0 un effet sonore, le sharawadji : ce moment o\u00f9 l\u2019harmonie<br>surgit l\u00e0 o\u00f9 on ne l\u2019attend pas. Au XVIII\u00e8me si\u00e8cle, les voyageurs europ\u00e9ens ont \u00e9t\u00e9 surpris par le fouillis<br>apparent des jardins d\u2019Extr\u00eame-Orient. Leurs h\u00f4tes parlaient de \u00ab sharawadji \u00bb,<br>traduit alors par l\u2019expression \u00ab gracieux d\u00e9sordre \u00bb. Le mot r\u00e9appara\u00eet \u00e0 la fin du XXe<br>si\u00e8cle dans le champ des arts sonores. Les quinze \u00e9l\u00e8ves proposent des pi\u00e8ces vari\u00e9es autour de ces jaillissements de beaut\u00e9 paradoxale. La surprise peut survenir dans des contextes divers comme une gare, un laboratoire, au coin d\u2019une rue, au d\u00e9tour d\u2019un refrain\u2026<\/p>\n\n\n\n<p class=\"has-text-align-center\"><strong>Exposition du 3 au 11 f\u00e9vrier. Vernissage jeudi 3 f\u00e9vrier de 16H \u00e0 18H30.<\/strong><\/p>\n\n\n\n<p class=\"has-text-align-center\"><strong>Carr\u00e9 des Arts<\/strong><br>4a rue des S\u0153urs Noires<br>7000 Mons \u2013 Belgique<\/p>\n\n\n\n<p class=\"has-text-align-center\">Avec le soutien de l\u2019association Transcultures et des p\u00e9pini\u00e8res europ\u00e9ennes de cr\u00e9ation.<\/p>\n\n\n\n<p class=\"has-text-align-center\"><strong>Le GMLR (Studio g\u00e9mellaire) est l\u2019atelier sonore transfrontalier commun \u00e0 l\u2019ES\u00c4 site de Tourcoing et \u00e0 ARTS\u00b2, l\u2019\u00e9cole sup\u00e9rieure des Arts de Mons.&nbsp;<\/strong><\/p>\n\n\n\n<p class=\"has-text-align-center\">\u00c9l\u00e8ves&nbsp;: Th\u00e9o Carlino, Tommy Moucheron, Ma\u00eblle Tiste, Mathilde Gobert, Pierre Gosee, Lisa Tsakias, Manon Louis, Brandon Coldebella, Rose Texier, Ana\u00efs Thomas, Randa Megahed, Julie Everaert, Anna\u00eblle Oestreich, Mariam Radwan, Saad Charbel.<\/p>\n\n\n\n<p class=\"has-text-align-center\">Coordination&nbsp;: Julien Poidevin &amp; Silvain Vanot.<\/p>\n\n\n\n<figure class=\"wp-block-image size-large\"><img loading=\"lazy\" decoding=\"async\" width=\"724\" height=\"1024\" src=\"https:\/\/studiogmlr.fr\/wp-content\/uploads\/2022\/02\/Sharawadji-ok-ok-1-1-724x1024.jpg\" alt=\"\" class=\"wp-image-188\" srcset=\"https:\/\/studiogmlr.fr\/wp-content\/uploads\/2022\/02\/Sharawadji-ok-ok-1-1-724x1024.jpg 724w, https:\/\/studiogmlr.fr\/wp-content\/uploads\/2022\/02\/Sharawadji-ok-ok-1-1-212x300.jpg 212w, https:\/\/studiogmlr.fr\/wp-content\/uploads\/2022\/02\/Sharawadji-ok-ok-1-1-scaled.jpg 1810w\" sizes=\"auto, (max-width: 724px) 100vw, 724px\" \/><\/figure>\n\n\n\n<p><\/p>\n\n\n<ul class=\"wp-block-latest-posts__list is-grid columns-3 aligncenter wp-block-latest-posts has-small-font-size\"><li><div class=\"wp-block-latest-posts__featured-image\"><img loading=\"lazy\" decoding=\"async\" width=\"600\" height=\"600\" src=\"https:\/\/studiogmlr.fr\/wp-content\/uploads\/2022\/02\/PERF.jpg\" class=\"attachment-large size-large wp-post-image\" alt=\"\" style=\"\" srcset=\"https:\/\/studiogmlr.fr\/wp-content\/uploads\/2022\/02\/PERF.jpg 640w, https:\/\/studiogmlr.fr\/wp-content\/uploads\/2022\/02\/PERF-300x300.jpg 300w, https:\/\/studiogmlr.fr\/wp-content\/uploads\/2022\/02\/PERF-150x150.jpg 150w, https:\/\/studiogmlr.fr\/wp-content\/uploads\/2022\/02\/PERF-508x508.jpg 508w\" sizes=\"auto, (max-width: 600px) 100vw, 600px\" \/><\/div><a class=\"wp-block-latest-posts__post-title\" href=\"https:\/\/studiogmlr.fr\/?p=293\"><strong><em>Revolutions <\/em><\/strong><em>&nbsp;&nbsp;&nbsp;<\/em>Performance<\/a><\/li>\n<li><div class=\"wp-block-latest-posts__featured-image\"><img loading=\"lazy\" decoding=\"async\" width=\"600\" height=\"450\" src=\"https:\/\/studiogmlr.fr\/wp-content\/uploads\/2023\/01\/theo-tommy-1-1024x768.jpg\" class=\"attachment-large size-large wp-post-image\" alt=\"\" style=\"\" srcset=\"https:\/\/studiogmlr.fr\/wp-content\/uploads\/2023\/01\/theo-tommy-1-1024x768.jpg 1024w, https:\/\/studiogmlr.fr\/wp-content\/uploads\/2023\/01\/theo-tommy-1-300x225.jpg 300w, https:\/\/studiogmlr.fr\/wp-content\/uploads\/2023\/01\/theo-tommy-1-768x576.jpg 768w, https:\/\/studiogmlr.fr\/wp-content\/uploads\/2023\/01\/theo-tommy-1-1536x1152.jpg 1536w, https:\/\/studiogmlr.fr\/wp-content\/uploads\/2023\/01\/theo-tommy-1-2048x1536.jpg 2048w, https:\/\/studiogmlr.fr\/wp-content\/uploads\/2023\/01\/theo-tommy-1-1240x930.jpg 1240w, https:\/\/studiogmlr.fr\/wp-content\/uploads\/2023\/01\/theo-tommy-1-508x381.jpg 508w\" sizes=\"auto, (max-width: 600px) 100vw, 600px\" \/><\/div><a class=\"wp-block-latest-posts__post-title\" href=\"https:\/\/studiogmlr.fr\/?p=236\">M\u00e9talangage<\/a><\/li>\n<li><a class=\"wp-block-latest-posts__post-title\" href=\"https:\/\/studiogmlr.fr\/?p=208\">C\u2019est pas les bons bruits\u00a0<\/a><\/li>\n<li><div class=\"wp-block-latest-posts__featured-image\"><img loading=\"lazy\" decoding=\"async\" width=\"600\" height=\"450\" src=\"https:\/\/studiogmlr.fr\/wp-content\/uploads\/2022\/02\/Bubble_Tournai_02-1024x768.jpeg\" class=\"attachment-large size-large wp-post-image\" alt=\"\" style=\"\" srcset=\"https:\/\/studiogmlr.fr\/wp-content\/uploads\/2022\/02\/Bubble_Tournai_02-1024x768.jpeg 1024w, https:\/\/studiogmlr.fr\/wp-content\/uploads\/2022\/02\/Bubble_Tournai_02-300x225.jpeg 300w, https:\/\/studiogmlr.fr\/wp-content\/uploads\/2022\/02\/Bubble_Tournai_02-768x576.jpeg 768w, https:\/\/studiogmlr.fr\/wp-content\/uploads\/2022\/02\/Bubble_Tournai_02-1240x930.jpeg 1240w, https:\/\/studiogmlr.fr\/wp-content\/uploads\/2022\/02\/Bubble_Tournai_02-508x381.jpeg 508w, https:\/\/studiogmlr.fr\/wp-content\/uploads\/2022\/02\/Bubble_Tournai_02.jpeg 1280w\" sizes=\"auto, (max-width: 600px) 100vw, 600px\" \/><\/div><a class=\"wp-block-latest-posts__post-title\" href=\"https:\/\/studiogmlr.fr\/?p=206\">Listening From a Bubble<\/a><\/li>\n<li><div class=\"wp-block-latest-posts__featured-image\"><img loading=\"lazy\" decoding=\"async\" width=\"600\" height=\"337\" src=\"https:\/\/studiogmlr.fr\/wp-content\/uploads\/2023\/02\/mariam-scaled.jpg\" class=\"attachment-large size-large wp-post-image\" alt=\"\" style=\"\" srcset=\"https:\/\/studiogmlr.fr\/wp-content\/uploads\/2023\/02\/mariam-scaled.jpg 2560w, https:\/\/studiogmlr.fr\/wp-content\/uploads\/2023\/02\/mariam-300x169.jpg 300w\" sizes=\"auto, (max-width: 600px) 100vw, 600px\" \/><\/div><a class=\"wp-block-latest-posts__post-title\" href=\"https:\/\/studiogmlr.fr\/?p=204\">Valises lourdes<\/a><\/li>\n<li><div class=\"wp-block-latest-posts__featured-image\"><img loading=\"lazy\" decoding=\"async\" width=\"600\" height=\"800\" src=\"https:\/\/studiogmlr.fr\/wp-content\/uploads\/2022\/02\/IMG_0219-scaled.jpg\" class=\"attachment-large size-large wp-post-image\" alt=\"\" style=\"\" \/><\/div><a class=\"wp-block-latest-posts__post-title\" href=\"https:\/\/studiogmlr.fr\/?p=201\">Wasteland<\/a><\/li>\n<li><div class=\"wp-block-latest-posts__featured-image\"><img loading=\"lazy\" decoding=\"async\" width=\"600\" height=\"375\" src=\"https:\/\/studiogmlr.fr\/wp-content\/uploads\/2022\/02\/Jean-Charles-1024x640.jpg\" class=\"attachment-large size-large wp-post-image\" alt=\"\" style=\"\" srcset=\"https:\/\/studiogmlr.fr\/wp-content\/uploads\/2022\/02\/Jean-Charles-1024x640.jpg 1024w, https:\/\/studiogmlr.fr\/wp-content\/uploads\/2022\/02\/Jean-Charles-300x188.jpg 300w, https:\/\/studiogmlr.fr\/wp-content\/uploads\/2022\/02\/Jean-Charles-768x480.jpg 768w, https:\/\/studiogmlr.fr\/wp-content\/uploads\/2022\/02\/Jean-Charles-1536x960.jpg 1536w, https:\/\/studiogmlr.fr\/wp-content\/uploads\/2022\/02\/Jean-Charles-2048x1280.jpg 2048w, https:\/\/studiogmlr.fr\/wp-content\/uploads\/2022\/02\/Jean-Charles-1240x775.jpg 1240w, https:\/\/studiogmlr.fr\/wp-content\/uploads\/2022\/02\/Jean-Charles-508x318.jpg 508w, https:\/\/studiogmlr.fr\/wp-content\/uploads\/2022\/02\/Jean-Charles-e1644402959766.jpg 800w\" sizes=\"auto, (max-width: 600px) 100vw, 600px\" \/><\/div><a class=\"wp-block-latest-posts__post-title\" href=\"https:\/\/studiogmlr.fr\/?p=197\">Jean-Charles \u00a0<\/a><\/li>\n<li><div class=\"wp-block-latest-posts__featured-image\"><img loading=\"lazy\" decoding=\"async\" width=\"600\" height=\"450\" src=\"https:\/\/studiogmlr.fr\/wp-content\/uploads\/2022\/02\/01-1024x768.jpg\" class=\"attachment-large size-large wp-post-image\" alt=\"\" style=\"\" srcset=\"https:\/\/studiogmlr.fr\/wp-content\/uploads\/2022\/02\/01-1024x768.jpg 1024w, https:\/\/studiogmlr.fr\/wp-content\/uploads\/2022\/02\/01-300x225.jpg 300w, https:\/\/studiogmlr.fr\/wp-content\/uploads\/2022\/02\/01-768x576.jpg 768w\" sizes=\"auto, (max-width: 600px) 100vw, 600px\" \/><\/div><a class=\"wp-block-latest-posts__post-title\" href=\"https:\/\/studiogmlr.fr\/?p=194\">Pour l\u2019instant<\/a><\/li>\n<li><div class=\"wp-block-latest-posts__featured-image\"><img loading=\"lazy\" decoding=\"async\" width=\"600\" height=\"338\" src=\"https:\/\/studiogmlr.fr\/wp-content\/uploads\/2022\/02\/Metaballs3-1024x576.jpg\" class=\"attachment-large size-large wp-post-image\" alt=\"\" style=\"\" srcset=\"https:\/\/studiogmlr.fr\/wp-content\/uploads\/2022\/02\/Metaballs3-1024x576.jpg 1024w, https:\/\/studiogmlr.fr\/wp-content\/uploads\/2022\/02\/Metaballs3-300x169.jpg 300w, https:\/\/studiogmlr.fr\/wp-content\/uploads\/2022\/02\/Metaballs3-768x432.jpg 768w, https:\/\/studiogmlr.fr\/wp-content\/uploads\/2022\/02\/Metaballs3-1536x864.jpg 1536w, https:\/\/studiogmlr.fr\/wp-content\/uploads\/2022\/02\/Metaballs3-1240x698.jpg 1240w, https:\/\/studiogmlr.fr\/wp-content\/uploads\/2022\/02\/Metaballs3-508x286.jpg 508w, https:\/\/studiogmlr.fr\/wp-content\/uploads\/2022\/02\/Metaballs3.jpg 1920w\" sizes=\"auto, (max-width: 600px) 100vw, 600px\" \/><\/div><a class=\"wp-block-latest-posts__post-title\" href=\"https:\/\/studiogmlr.fr\/?p=191\">Metaplanet \u00a0<\/a><\/li>\n<\/ul>","protected":false},"excerpt":{"rendered":"<p>Agencer l\u2019inattendu Apr\u00e8s deux semaines de workshop, le GMLR (Studio g\u00e9mellaire) consacreson exposition annuelle \u00e0 un effet sonore, le sharawadji : ce moment o\u00f9 l\u2019harmoniesurgit l\u00e0 o\u00f9 on ne l\u2019attend pas. Au XVIII\u00e8me si\u00e8cle, les voyageurs europ\u00e9ens ont \u00e9t\u00e9 surpris par le fouillisapparent des jardins d\u2019Extr\u00eame-Orient. Leurs h\u00f4tes parlaient de \u00ab sharawadji \u00bb,traduit alors par [&hellip;]<\/p>\n","protected":false},"author":2,"featured_media":188,"parent":0,"menu_order":0,"comment_status":"closed","ping_status":"closed","template":"","meta":{"footnotes":""},"class_list":["post-180","page","type-page","status-publish","has-post-thumbnail","hentry"],"_links":{"self":[{"href":"https:\/\/studiogmlr.fr\/index.php?rest_route=\/wp\/v2\/pages\/180","targetHints":{"allow":["GET"]}}],"collection":[{"href":"https:\/\/studiogmlr.fr\/index.php?rest_route=\/wp\/v2\/pages"}],"about":[{"href":"https:\/\/studiogmlr.fr\/index.php?rest_route=\/wp\/v2\/types\/page"}],"author":[{"embeddable":true,"href":"https:\/\/studiogmlr.fr\/index.php?rest_route=\/wp\/v2\/users\/2"}],"replies":[{"embeddable":true,"href":"https:\/\/studiogmlr.fr\/index.php?rest_route=%2Fwp%2Fv2%2Fcomments&post=180"}],"version-history":[{"count":10,"href":"https:\/\/studiogmlr.fr\/index.php?rest_route=\/wp\/v2\/pages\/180\/revisions"}],"predecessor-version":[{"id":284,"href":"https:\/\/studiogmlr.fr\/index.php?rest_route=\/wp\/v2\/pages\/180\/revisions\/284"}],"wp:featuredmedia":[{"embeddable":true,"href":"https:\/\/studiogmlr.fr\/index.php?rest_route=\/wp\/v2\/media\/188"}],"wp:attachment":[{"href":"https:\/\/studiogmlr.fr\/index.php?rest_route=%2Fwp%2Fv2%2Fmedia&parent=180"}],"curies":[{"name":"wp","href":"https:\/\/api.w.org\/{rel}","templated":true}]}}